{"id":22,"date":"2018-03-10T22:25:26","date_gmt":"2018-03-10T21:25:26","guid":{"rendered":"http:\/\/www.une-rose-un-espoir-payszorn.com\/?page_id=22"},"modified":"2026-03-02T22:49:28","modified_gmt":"2026-03-02T21:49:28","slug":"le-comite","status":"publish","type":"page","link":"https:\/\/www.une-rose-un-espoir-payszorn.com\/index.php\/lassociation\/le-comite\/","title":{"rendered":"Le comit\u00e9"},"content":{"rendered":"<p>L\u2019association Une Rose Un Espoir Secteur du Pays de la Zorn a \u00e9t\u00e9 cr\u00e9\u00e9e par l\u2019assembl\u00e9e constitutive du 17 octobre 2017.<br \/>Elle est inscrite au registre des associations du tribunal d\u2018instance de Haguenau volume 116 folio 117.<\/p>\n<p>Les membres fondateurs :<br \/>Daniel Gillig &#8211; Jean-Luc Vincent &#8211; Devoise Jacques &#8211; Durand Pierrette &#8211; Jung Michel &#8211; Taille St\u00e9phane &#8211; Sch\u00e4efer Brigitte<\/p>\n<p>Comit\u00e9 2026<br \/>Pr\u00e9sident : <strong>St\u00e9phane TAILLE<\/strong><br \/>Vice Pr\u00e9sident : <strong>Jean-Luc VINCENT<\/strong><br \/>Secr\u00e9taire : <strong>Patricia SALZANI<\/strong><br \/>Tr\u00e9sori\u00e8re : <strong>Isabelle GILLIG<\/strong><br \/>Accesseurs : <strong>Jean-Michel ERARD<\/strong>, <strong>Albert MOTZIG, Mado TRENDEL et Fr\u00e9d\u00e9ric LIENHARDT<\/strong><\/p>\n\n\n<p><\/p>\n","protected":false},"excerpt":{"rendered":"<p>L\u2019association Une Rose Un Espoir Secteur du Pays de la Zorn a \u00e9t\u00e9 cr\u00e9\u00e9e par l\u2019assembl\u00e9e constitutive du 17 octobre 2017.Elle est inscrite au registre des associations du tribunal d\u2018instance de Haguenau volume 116 folio 117. Les membres fondateurs :Daniel Gillig &#8211; Jean-Luc Vincent &#8211; Devoise Jacques &#8211; Durand Pierrette &#8211; Jung Michel &#8211; Taille [&hellip;]<\/p>\n","protected":false},"author":1,"featured_media":0,"parent":49,"menu_order":30,"comment_status":"closed","ping_status":"closed","template":"","meta":{"footnotes":""},"class_list":["post-22","page","type-page","status-publish","hentry"],"yoast_head":"<!-- This site is optimized with the Yoast SEO plugin v27.0 - https:\/\/yoast.com\/product\/yoast-seo-wordpress\/ -->\n<title>Le comit\u00e9 - Une Rose Un Espoir Secteur du Pays de la Zorn<\/title>\n<meta name=\"robots\" content=\"index, follow, max-snippet:-1, max-image-preview:large, max-video-preview:-1\" \/>\n<link rel=\"canonical\" href=\"https:\/\/www.une-rose-un-espoir-payszorn.com\/index.php\/lassociation\/le-comite\/\" \/>\n<meta property=\"og:locale\" content=\"fr_FR\" \/>\n<meta property=\"og:type\" content=\"article\" \/>\n<meta property=\"og:title\" content=\"Le comit\u00e9 - Une Rose Un Espoir Secteur du Pays de la Zorn\" \/>\n<meta property=\"og:description\" content=\"L\u2019association Une Rose Un Espoir Secteur du Pays de la Zorn a \u00e9t\u00e9 cr\u00e9\u00e9e par l\u2019assembl\u00e9e constitutive du 17 octobre 2017.Elle est inscrite au registre des associations du tribunal d\u2018instance de Haguenau volume 116 folio 117. Les membres fondateurs :Daniel Gillig &#8211; Jean-Luc Vincent &#8211; Devoise Jacques &#8211; Durand Pierrette &#8211; Jung Michel &#8211; Taille [&hellip;]\" \/>\n<meta property=\"og:url\" content=\"https:\/\/www.une-rose-un-espoir-payszorn.com\/index.php\/lassociation\/le-comite\/\" \/>\n<meta property=\"og:site_name\" content=\"Une Rose Un Espoir Secteur du Pays de la Zorn\" \/>\n<meta property=\"article:modified_time\" content=\"2026-03-02T21:49:28+00:00\" \/>\n<meta name=\"twitter:card\" content=\"summary_large_image\" \/>\n<meta name=\"twitter:label1\" content=\"Dur\u00e9e de lecture estim\u00e9e\" \/>\n\t<meta name=\"twitter:data1\" content=\"1 minute\" \/>\n<script type=\"application\/ld+json\" class=\"yoast-schema-graph\">{\"@context\":\"https:\/\/schema.org\",\"@graph\":[{\"@type\":\"WebPage\",\"@id\":\"https:\/\/www.une-rose-un-espoir-payszorn.com\/index.php\/lassociation\/le-comite\/\",\"url\":\"https:\/\/www.une-rose-un-espoir-payszorn.com\/index.php\/lassociation\/le-comite\/\",\"name\":\"Le comit\u00e9 - Une Rose Un Espoir Secteur du Pays de la Zorn\",\"isPartOf\":{\"@id\":\"https:\/\/www.une-rose-un-espoir-payszorn.com\/#website\"},\"datePublished\":\"2018-03-10T21:25:26+00:00\",\"dateModified\":\"2026-03-02T21:49:28+00:00\",\"breadcrumb\":{\"@id\":\"https:\/\/www.une-rose-un-espoir-payszorn.com\/index.php\/lassociation\/le-comite\/#breadcrumb\"},\"inLanguage\":\"fr-FR\",\"potentialAction\":[{\"@type\":\"ReadAction\",\"target\":[\"https:\/\/www.une-rose-un-espoir-payszorn.com\/index.php\/lassociation\/le-comite\/\"]}]},{\"@type\":\"BreadcrumbList\",\"@id\":\"https:\/\/www.une-rose-un-espoir-payszorn.com\/index.php\/lassociation\/le-comite\/#breadcrumb\",\"itemListElement\":[{\"@type\":\"ListItem\",\"position\":1,\"name\":\"Accueil\",\"item\":\"https:\/\/www.une-rose-un-espoir-payszorn.com\/\"},{\"@type\":\"ListItem\",\"position\":2,\"name\":\"L&rsquo;association\",\"item\":\"https:\/\/www.une-rose-un-espoir-payszorn.com\/index.php\/lassociation\/\"},{\"@type\":\"ListItem\",\"position\":3,\"name\":\"Le comit\u00e9\"}]},{\"@type\":\"WebSite\",\"@id\":\"https:\/\/www.une-rose-un-espoir-payszorn.com\/#website\",\"url\":\"https:\/\/www.une-rose-un-espoir-payszorn.com\/\",\"name\":\"Une Rose Un Espoir Secteur du Pays de la Zorn\",\"description\":\"\",\"potentialAction\":[{\"@type\":\"SearchAction\",\"target\":{\"@type\":\"EntryPoint\",\"urlTemplate\":\"https:\/\/www.une-rose-un-espoir-payszorn.com\/?s={search_term_string}\"},\"query-input\":{\"@type\":\"PropertyValueSpecification\",\"valueRequired\":true,\"valueName\":\"search_term_string\"}}],\"inLanguage\":\"fr-FR\"}]}<\/script>\n<!-- \/ Yoast SEO plugin. -->","yoast_head_json":{"title":"Le comit\u00e9 - Une Rose Un Espoir Secteur du Pays de la Zorn","robots":{"index":"index","follow":"follow","max-snippet":"max-snippet:-1","max-image-preview":"max-image-preview:large","max-video-preview":"max-video-preview:-1"},"canonical":"https:\/\/www.une-rose-un-espoir-payszorn.com\/index.php\/lassociation\/le-comite\/","og_locale":"fr_FR","og_type":"article","og_title":"Le comit\u00e9 - Une Rose Un Espoir Secteur du Pays de la Zorn","og_description":"L\u2019association Une Rose Un Espoir Secteur du Pays de la Zorn a \u00e9t\u00e9 cr\u00e9\u00e9e par l\u2019assembl\u00e9e constitutive du 17 octobre 2017.Elle est inscrite au registre des associations du tribunal d\u2018instance de Haguenau volume 116 folio 117. Les membres fondateurs :Daniel Gillig &#8211; Jean-Luc Vincent &#8211; Devoise Jacques &#8211; Durand Pierrette &#8211; Jung Michel &#8211; Taille [&hellip;]","og_url":"https:\/\/www.une-rose-un-espoir-payszorn.com\/index.php\/lassociation\/le-comite\/","og_site_name":"Une Rose Un Espoir Secteur du Pays de la Zorn","article_modified_time":"2026-03-02T21:49:28+00:00","twitter_card":"summary_large_image","twitter_misc":{"Dur\u00e9e de lecture estim\u00e9e":"1 minute"},"schema":{"@context":"https:\/\/schema.org","@graph":[{"@type":"WebPage","@id":"https:\/\/www.une-rose-un-espoir-payszorn.com\/index.php\/lassociation\/le-comite\/","url":"https:\/\/www.une-rose-un-espoir-payszorn.com\/index.php\/lassociation\/le-comite\/","name":"Le comit\u00e9 - Une Rose Un Espoir Secteur du Pays de la Zorn","isPartOf":{"@id":"https:\/\/www.une-rose-un-espoir-payszorn.com\/#website"},"datePublished":"2018-03-10T21:25:26+00:00","dateModified":"2026-03-02T21:49:28+00:00","breadcrumb":{"@id":"https:\/\/www.une-rose-un-espoir-payszorn.com\/index.php\/lassociation\/le-comite\/#breadcrumb"},"inLanguage":"fr-FR","potentialAction":[{"@type":"ReadAction","target":["https:\/\/www.une-rose-un-espoir-payszorn.com\/index.php\/lassociation\/le-comite\/"]}]},{"@type":"BreadcrumbList","@id":"https:\/\/www.une-rose-un-espoir-payszorn.com\/index.php\/lassociation\/le-comite\/#breadcrumb","itemListElement":[{"@type":"ListItem","position":1,"name":"Accueil","item":"https:\/\/www.une-rose-un-espoir-payszorn.com\/"},{"@type":"ListItem","position":2,"name":"L&rsquo;association","item":"https:\/\/www.une-rose-un-espoir-payszorn.com\/index.php\/lassociation\/"},{"@type":"ListItem","position":3,"name":"Le comit\u00e9"}]},{"@type":"WebSite","@id":"https:\/\/www.une-rose-un-espoir-payszorn.com\/#website","url":"https:\/\/www.une-rose-un-espoir-payszorn.com\/","name":"Une Rose Un Espoir Secteur du Pays de la Zorn","description":"","potentialAction":[{"@type":"SearchAction","target":{"@type":"EntryPoint","urlTemplate":"https:\/\/www.une-rose-un-espoir-payszorn.com\/?s={search_term_string}"},"query-input":{"@type":"PropertyValueSpecification","valueRequired":true,"valueName":"search_term_string"}}],"inLanguage":"fr-FR"}]}},"_links":{"self":[{"href":"https:\/\/www.une-rose-un-espoir-payszorn.com\/index.php\/wp-json\/wp\/v2\/pages\/22","targetHints":{"allow":["GET"]}}],"collection":[{"href":"https:\/\/www.une-rose-un-espoir-payszorn.com\/index.php\/wp-json\/wp\/v2\/pages"}],"about":[{"href":"https:\/\/www.une-rose-un-espoir-payszorn.com\/index.php\/wp-json\/wp\/v2\/types\/page"}],"author":[{"embeddable":true,"href":"https:\/\/www.une-rose-un-espoir-payszorn.com\/index.php\/wp-json\/wp\/v2\/users\/1"}],"replies":[{"embeddable":true,"href":"https:\/\/www.une-rose-un-espoir-payszorn.com\/index.php\/wp-json\/wp\/v2\/comments?post=22"}],"version-history":[{"count":9,"href":"https:\/\/www.une-rose-un-espoir-payszorn.com\/index.php\/wp-json\/wp\/v2\/pages\/22\/revisions"}],"predecessor-version":[{"id":689,"href":"https:\/\/www.une-rose-un-espoir-payszorn.com\/index.php\/wp-json\/wp\/v2\/pages\/22\/revisions\/689"}],"up":[{"embeddable":true,"href":"https:\/\/www.une-rose-un-espoir-payszorn.com\/index.php\/wp-json\/wp\/v2\/pages\/49"}],"wp:attachment":[{"href":"https:\/\/www.une-rose-un-espoir-payszorn.com\/index.php\/wp-json\/wp\/v2\/media?parent=22"}],"curies":[{"name":"wp","href":"https:\/\/api.w.org\/{rel}","templated":true}]}}