{"id":18,"date":"2018-03-10T22:14:45","date_gmt":"2018-03-10T21:14:45","guid":{"rendered":"http:\/\/www.une-rose-un-espoir-payszorn.com\/?page_id=18"},"modified":"2018-04-14T00:47:31","modified_gmt":"2018-04-13T22:47:31","slug":"notre-action","status":"publish","type":"page","link":"https:\/\/www.une-rose-un-espoir-payszorn.com\/index.php\/lassociation\/notre-action\/","title":{"rendered":"Notre action"},"content":{"rendered":"<p><img loading=\"lazy\" decoding=\"async\" class=\"size-medium wp-image-12 alignleft\" src=\"http:\/\/www.une-rose-un-espoir-payszorn.com\/wp-content\/uploads\/2018\/03\/multiples-roses-300x296.png\" alt=\"\" width=\"300\" height=\"296\" srcset=\"https:\/\/www.une-rose-un-espoir-payszorn.com\/wp-content\/uploads\/2018\/03\/multiples-roses-300x296.png 300w, https:\/\/www.une-rose-un-espoir-payszorn.com\/wp-content\/uploads\/2018\/03\/multiples-roses-768x757.png 768w, https:\/\/www.une-rose-un-espoir-payszorn.com\/wp-content\/uploads\/2018\/03\/multiples-roses-1024x1009.png 1024w\" sizes=\"auto, (max-width: 300px) 100vw, 300px\" \/>Chaque ann\u00e9e, le dernier week-end du mois d\u2019avril, les motards et leurs passag\u00e8res sont invit\u00e9s \u00e0 participer \u00e0 une grande collecte de fonds au profit de la lutte contre le cancer.<\/p>\n<p>Pendant une ou deux\u00a0 journ\u00e9es, quelque soit la cylindr\u00e9e de leurs engins, ils r\u00e9pondent nombreux \u00e0 l\u2019appel lanc\u00e9 par les responsables des diff\u00e9rents secteurs de l\u2019association Une Rose Un Espoir pour former un cort\u00e8ge qui parcourt la campagne, de villages en hameaux, s\u2019annon\u00e7ant \u00e0 grand renfort de klaxons et de sir\u00e8nes et toujours pr\u00e9c\u00e9d\u00e9 par les camionnettes et leur pr\u00e9cieux chargement de roses \u2026<\/p>\n<p>Les bras charg\u00e9s de roses, les \u00e9quipages motards vont alors de porte en porte, de sonnettes en carillons et dans chaque rue, devant chaque maison se r\u00e9p\u00e8te le m\u00eame sc\u00e9nario : \u00ab Bonjour, ce sont les motards d\u2019Une Rose Un Espoir qui vous proposent une rose en \u00e9change d\u2019un DON MINIMUM\u00a0\u00a0\u00a0\u00a0 DE 2 euros . La collecte s\u2019effectue \u00e9galement dans les supermarch\u00e9s locaux.<\/p>\n<p>\u2026quelques refus, quelques portes closes \u2026. Mais le plus souvent, la g\u00e9n\u00e9rosit\u00e9 est au rendez-vous et les tirelires se remplissent, des sourires s\u2019\u00e9changent, mais aussi quelques mots, t\u00e9moignages parfois douloureux de personnes qui souffrent dans leur chair, parfois plus radieux car on parle de gu\u00e9rison, ou encore souvenirs d\u2019\u00eatres chers disparus \u00e0 cause de cette maladie \u2026. Un petit moment de partage qui dure le temps que la rose change de main \u2026.morceaux de vie brefs, mais intenses !<\/p>\n<p>Et l\u2019\u00e9lan de solidarit\u00e9 emporte les motos plus loin, et les kilom\u00e8tres s\u2019additionnent, pour beaucoup \u00e0 pied, toujours pour la bonne cause, motos charg\u00e9es d\u2019espoir et d\u2019\u00e9motions \u00e0 donner et \u00e0 recevoir \u2026 L\u2019amiti\u00e9 et la camaraderie galvanisent les \u00e9quipages parfois fatigu\u00e9s au bout de la journ\u00e9e pass\u00e9e sur leurs machines par tous les temps, et tous reprennent rendez-vous pour l\u2019ann\u00e9e suivante.<\/p>\n<p>Si vous aussi vous voulez d\u00e9couvrir cette belle aventure humaine, en alliant votre passion de la moto \u00e0 une grande cause, rejoignez-nous pour une exp\u00e9rience inoubliable \u2026. Nos motos ont pour carburant l\u2019\u00e9nergie du c\u0153ur, venez vous en rendre compte par vous-m\u00eame !<\/p>\n<p>\u00ab Derri\u00e8re les visi\u00e8res de nos casques, il y a des sourires, mais aussi des larmes, et sous notre blouson de cuir, il y a un c\u0153ur \u2026. \u00bb<\/p>\n<p>Bernard BRAUN le fondateur de Une Rose Un Espoir<\/p>\n","protected":false},"excerpt":{"rendered":"<p>Chaque ann\u00e9e, le dernier week-end du mois d\u2019avril, les motards et leurs passag\u00e8res sont invit\u00e9s \u00e0 participer \u00e0 une grande collecte de fonds au profit de la lutte contre le cancer. Pendant une ou deux\u00a0 journ\u00e9es, quelque soit la cylindr\u00e9e de leurs engins, ils r\u00e9pondent nombreux \u00e0 l\u2019appel lanc\u00e9 par les responsables des diff\u00e9rents secteurs [&hellip;]<\/p>\n","protected":false},"author":1,"featured_media":0,"parent":49,"menu_order":10,"comment_status":"closed","ping_status":"closed","template":"","meta":{"footnotes":""},"class_list":["post-18","page","type-page","status-publish","hentry"],"yoast_head":"<!-- This site is optimized with the Yoast SEO plugin v27.0 - https:\/\/yoast.com\/product\/yoast-seo-wordpress\/ -->\n<title>Notre action - Une Rose Un Espoir Secteur du Pays de la Zorn<\/title>\n<meta name=\"robots\" content=\"index, follow, max-snippet:-1, max-image-preview:large, max-video-preview:-1\" \/>\n<link rel=\"canonical\" href=\"https:\/\/www.une-rose-un-espoir-payszorn.com\/index.php\/lassociation\/notre-action\/\" \/>\n<meta property=\"og:locale\" content=\"fr_FR\" \/>\n<meta property=\"og:type\" content=\"article\" \/>\n<meta property=\"og:title\" content=\"Notre action - Une Rose Un Espoir Secteur du Pays de la Zorn\" \/>\n<meta property=\"og:description\" content=\"Chaque ann\u00e9e, le dernier week-end du mois d\u2019avril, les motards et leurs passag\u00e8res sont invit\u00e9s \u00e0 participer \u00e0 une grande collecte de fonds au profit de la lutte contre le cancer. Pendant une ou deux\u00a0 journ\u00e9es, quelque soit la cylindr\u00e9e de leurs engins, ils r\u00e9pondent nombreux \u00e0 l\u2019appel lanc\u00e9 par les responsables des diff\u00e9rents secteurs [&hellip;]\" \/>\n<meta property=\"og:url\" content=\"https:\/\/www.une-rose-un-espoir-payszorn.com\/index.php\/lassociation\/notre-action\/\" \/>\n<meta property=\"og:site_name\" content=\"Une Rose Un Espoir Secteur du Pays de la Zorn\" \/>\n<meta property=\"article:modified_time\" content=\"2018-04-13T22:47:31+00:00\" \/>\n<meta property=\"og:image\" content=\"https:\/\/www.une-rose-un-espoir-payszorn.com\/wp-content\/uploads\/2018\/03\/multiples-roses-1024x1009.png\" \/>\n\t<meta property=\"og:image:width\" content=\"1024\" \/>\n\t<meta property=\"og:image:height\" content=\"1009\" \/>\n\t<meta property=\"og:image:type\" content=\"image\/png\" \/>\n<meta name=\"twitter:card\" content=\"summary_large_image\" \/>\n<meta name=\"twitter:label1\" content=\"Dur\u00e9e de lecture estim\u00e9e\" \/>\n\t<meta name=\"twitter:data1\" content=\"2 minutes\" \/>\n<script type=\"application\/ld+json\" class=\"yoast-schema-graph\">{\"@context\":\"https:\/\/schema.org\",\"@graph\":[{\"@type\":\"WebPage\",\"@id\":\"https:\/\/www.une-rose-un-espoir-payszorn.com\/index.php\/lassociation\/notre-action\/\",\"url\":\"https:\/\/www.une-rose-un-espoir-payszorn.com\/index.php\/lassociation\/notre-action\/\",\"name\":\"Notre action - Une Rose Un Espoir Secteur du Pays de la Zorn\",\"isPartOf\":{\"@id\":\"https:\/\/www.une-rose-un-espoir-payszorn.com\/#website\"},\"primaryImageOfPage\":{\"@id\":\"https:\/\/www.une-rose-un-espoir-payszorn.com\/index.php\/lassociation\/notre-action\/#primaryimage\"},\"image\":{\"@id\":\"https:\/\/www.une-rose-un-espoir-payszorn.com\/index.php\/lassociation\/notre-action\/#primaryimage\"},\"thumbnailUrl\":\"http:\/\/www.une-rose-un-espoir-payszorn.com\/wp-content\/uploads\/2018\/03\/multiples-roses-300x296.png\",\"datePublished\":\"2018-03-10T21:14:45+00:00\",\"dateModified\":\"2018-04-13T22:47:31+00:00\",\"breadcrumb\":{\"@id\":\"https:\/\/www.une-rose-un-espoir-payszorn.com\/index.php\/lassociation\/notre-action\/#breadcrumb\"},\"inLanguage\":\"fr-FR\",\"potentialAction\":[{\"@type\":\"ReadAction\",\"target\":[\"https:\/\/www.une-rose-un-espoir-payszorn.com\/index.php\/lassociation\/notre-action\/\"]}]},{\"@type\":\"ImageObject\",\"inLanguage\":\"fr-FR\",\"@id\":\"https:\/\/www.une-rose-un-espoir-payszorn.com\/index.php\/lassociation\/notre-action\/#primaryimage\",\"url\":\"https:\/\/www.une-rose-un-espoir-payszorn.com\/wp-content\/uploads\/2018\/03\/multiples-roses.png\",\"contentUrl\":\"https:\/\/www.une-rose-un-espoir-payszorn.com\/wp-content\/uploads\/2018\/03\/multiples-roses.png\",\"width\":2552,\"height\":2515},{\"@type\":\"BreadcrumbList\",\"@id\":\"https:\/\/www.une-rose-un-espoir-payszorn.com\/index.php\/lassociation\/notre-action\/#breadcrumb\",\"itemListElement\":[{\"@type\":\"ListItem\",\"position\":1,\"name\":\"Accueil\",\"item\":\"https:\/\/www.une-rose-un-espoir-payszorn.com\/\"},{\"@type\":\"ListItem\",\"position\":2,\"name\":\"L&rsquo;association\",\"item\":\"https:\/\/www.une-rose-un-espoir-payszorn.com\/index.php\/lassociation\/\"},{\"@type\":\"ListItem\",\"position\":3,\"name\":\"Notre action\"}]},{\"@type\":\"WebSite\",\"@id\":\"https:\/\/www.une-rose-un-espoir-payszorn.com\/#website\",\"url\":\"https:\/\/www.une-rose-un-espoir-payszorn.com\/\",\"name\":\"Une Rose Un Espoir Secteur du Pays de la Zorn\",\"description\":\"\",\"potentialAction\":[{\"@type\":\"SearchAction\",\"target\":{\"@type\":\"EntryPoint\",\"urlTemplate\":\"https:\/\/www.une-rose-un-espoir-payszorn.com\/?s={search_term_string}\"},\"query-input\":{\"@type\":\"PropertyValueSpecification\",\"valueRequired\":true,\"valueName\":\"search_term_string\"}}],\"inLanguage\":\"fr-FR\"}]}<\/script>\n<!-- \/ Yoast SEO plugin. -->","yoast_head_json":{"title":"Notre action - Une Rose Un Espoir Secteur du Pays de la Zorn","robots":{"index":"index","follow":"follow","max-snippet":"max-snippet:-1","max-image-preview":"max-image-preview:large","max-video-preview":"max-video-preview:-1"},"canonical":"https:\/\/www.une-rose-un-espoir-payszorn.com\/index.php\/lassociation\/notre-action\/","og_locale":"fr_FR","og_type":"article","og_title":"Notre action - Une Rose Un Espoir Secteur du Pays de la Zorn","og_description":"Chaque ann\u00e9e, le dernier week-end du mois d\u2019avril, les motards et leurs passag\u00e8res sont invit\u00e9s \u00e0 participer \u00e0 une grande collecte de fonds au profit de la lutte contre le cancer. Pendant une ou deux\u00a0 journ\u00e9es, quelque soit la cylindr\u00e9e de leurs engins, ils r\u00e9pondent nombreux \u00e0 l\u2019appel lanc\u00e9 par les responsables des diff\u00e9rents secteurs [&hellip;]","og_url":"https:\/\/www.une-rose-un-espoir-payszorn.com\/index.php\/lassociation\/notre-action\/","og_site_name":"Une Rose Un Espoir Secteur du Pays de la Zorn","article_modified_time":"2018-04-13T22:47:31+00:00","og_image":[{"width":1024,"height":1009,"url":"https:\/\/www.une-rose-un-espoir-payszorn.com\/wp-content\/uploads\/2018\/03\/multiples-roses-1024x1009.png","type":"image\/png"}],"twitter_card":"summary_large_image","twitter_misc":{"Dur\u00e9e de lecture estim\u00e9e":"2 minutes"},"schema":{"@context":"https:\/\/schema.org","@graph":[{"@type":"WebPage","@id":"https:\/\/www.une-rose-un-espoir-payszorn.com\/index.php\/lassociation\/notre-action\/","url":"https:\/\/www.une-rose-un-espoir-payszorn.com\/index.php\/lassociation\/notre-action\/","name":"Notre action - Une Rose Un Espoir Secteur du Pays de la Zorn","isPartOf":{"@id":"https:\/\/www.une-rose-un-espoir-payszorn.com\/#website"},"primaryImageOfPage":{"@id":"https:\/\/www.une-rose-un-espoir-payszorn.com\/index.php\/lassociation\/notre-action\/#primaryimage"},"image":{"@id":"https:\/\/www.une-rose-un-espoir-payszorn.com\/index.php\/lassociation\/notre-action\/#primaryimage"},"thumbnailUrl":"http:\/\/www.une-rose-un-espoir-payszorn.com\/wp-content\/uploads\/2018\/03\/multiples-roses-300x296.png","datePublished":"2018-03-10T21:14:45+00:00","dateModified":"2018-04-13T22:47:31+00:00","breadcrumb":{"@id":"https:\/\/www.une-rose-un-espoir-payszorn.com\/index.php\/lassociation\/notre-action\/#breadcrumb"},"inLanguage":"fr-FR","potentialAction":[{"@type":"ReadAction","target":["https:\/\/www.une-rose-un-espoir-payszorn.com\/index.php\/lassociation\/notre-action\/"]}]},{"@type":"ImageObject","inLanguage":"fr-FR","@id":"https:\/\/www.une-rose-un-espoir-payszorn.com\/index.php\/lassociation\/notre-action\/#primaryimage","url":"https:\/\/www.une-rose-un-espoir-payszorn.com\/wp-content\/uploads\/2018\/03\/multiples-roses.png","contentUrl":"https:\/\/www.une-rose-un-espoir-payszorn.com\/wp-content\/uploads\/2018\/03\/multiples-roses.png","width":2552,"height":2515},{"@type":"BreadcrumbList","@id":"https:\/\/www.une-rose-un-espoir-payszorn.com\/index.php\/lassociation\/notre-action\/#breadcrumb","itemListElement":[{"@type":"ListItem","position":1,"name":"Accueil","item":"https:\/\/www.une-rose-un-espoir-payszorn.com\/"},{"@type":"ListItem","position":2,"name":"L&rsquo;association","item":"https:\/\/www.une-rose-un-espoir-payszorn.com\/index.php\/lassociation\/"},{"@type":"ListItem","position":3,"name":"Notre action"}]},{"@type":"WebSite","@id":"https:\/\/www.une-rose-un-espoir-payszorn.com\/#website","url":"https:\/\/www.une-rose-un-espoir-payszorn.com\/","name":"Une Rose Un Espoir Secteur du Pays de la Zorn","description":"","potentialAction":[{"@type":"SearchAction","target":{"@type":"EntryPoint","urlTemplate":"https:\/\/www.une-rose-un-espoir-payszorn.com\/?s={search_term_string}"},"query-input":{"@type":"PropertyValueSpecification","valueRequired":true,"valueName":"search_term_string"}}],"inLanguage":"fr-FR"}]}},"_links":{"self":[{"href":"https:\/\/www.une-rose-un-espoir-payszorn.com\/index.php\/wp-json\/wp\/v2\/pages\/18","targetHints":{"allow":["GET"]}}],"collection":[{"href":"https:\/\/www.une-rose-un-espoir-payszorn.com\/index.php\/wp-json\/wp\/v2\/pages"}],"about":[{"href":"https:\/\/www.une-rose-un-espoir-payszorn.com\/index.php\/wp-json\/wp\/v2\/types\/page"}],"author":[{"embeddable":true,"href":"https:\/\/www.une-rose-un-espoir-payszorn.com\/index.php\/wp-json\/wp\/v2\/users\/1"}],"replies":[{"embeddable":true,"href":"https:\/\/www.une-rose-un-espoir-payszorn.com\/index.php\/wp-json\/wp\/v2\/comments?post=18"}],"version-history":[{"count":2,"href":"https:\/\/www.une-rose-un-espoir-payszorn.com\/index.php\/wp-json\/wp\/v2\/pages\/18\/revisions"}],"predecessor-version":[{"id":180,"href":"https:\/\/www.une-rose-un-espoir-payszorn.com\/index.php\/wp-json\/wp\/v2\/pages\/18\/revisions\/180"}],"up":[{"embeddable":true,"href":"https:\/\/www.une-rose-un-espoir-payszorn.com\/index.php\/wp-json\/wp\/v2\/pages\/49"}],"wp:attachment":[{"href":"https:\/\/www.une-rose-un-espoir-payszorn.com\/index.php\/wp-json\/wp\/v2\/media?parent=18"}],"curies":[{"name":"wp","href":"https:\/\/api.w.org\/{rel}","templated":true}]}}